{"id":2879,"date":"2018-06-04T14:06:06","date_gmt":"2018-06-04T17:06:06","guid":{"rendered":"https:\/\/eftbrasil.com.br\/paginapb\/prosperidade\/vda\/mente-prospera-venda-encerrada\/"},"modified":"2019-10-19T00:03:59","modified_gmt":"2019-10-19T03:03:59","slug":"mente-magra","status":"publish","type":"page","link":"https:\/\/eftbrasil.com.br\/paginapb\/emagrecimento\/vda\/mente-magra\/","title":{"rendered":"Mente Magra &#8211; Venda Encerrada"},"content":{"rendered":"<div id=\"pbuilder_wrapper\">\n<div id=\"pbuilder_content_wrapper\">\n<div id=\"pbuilder_content\">\n<div data-rowtype=\"12\" data-rowid=\"2\" style=\"border-bottom:1px solid #b9b9b9;margin-top:-0px; box-shadow:    #29292a; \" class=\"pbuilder_row pbuilder_row_id_2\">\n<div class=\"pbuilder_row_background\" style=\" background: -webkit-linear-gradient(rgb(41, 41, 42), rgb(41, 41, 42));  background: -o-linear-gradient(rgb(41, 41, 42), rgb(41, 41, 42));  background: -moz-linear-gradient(rgb(41, 41, 42), rgb(41, 41, 42));  background: linear-gradient(rgb(41, 41, 42), rgb(41, 41, 42)); \"><\/div>\n<div class=\"pbuilder_row_colwrapper\" style=\"padding:10px 20px 0px 20px;\">\n<div data-colnumber=\"0\" class=\"pbuilder_column pbuilder_column-1-5\">\n<div class=\"pbuilder_column_background\" style=\"border:none; background-color: ; \"><\/div>\n<div style=\"\" class=\" pbuilder_column_inner pbuilder_droppable\"><\/div>\n<\/div>\n<div data-colnumber=\"1\" class=\"pbuilder_column pbuilder_column-3-5\">\n<div class=\"pbuilder_column_background\" style=\"border:none; background-color: ; \"><\/div>\n<div style=\"\" class=\" pbuilder_column_inner pbuilder_droppable\">\n<div class=\"pbuilder_module\" data-shortcode=\"image\" data-modid=\"389\">\n<style type=\"text\/css\" scoped=\"scoped\">#frb_image_1973425170.frb_onScreen.frb_animated {-webkit-animation-duration: 1000ms; animation-duration: 1000ms;}#frb_image_1973425170.frb_onScreen.frb_hinge {-webkit-animation-duration: 2000ms; animation-duration: 2000ms;}<\/style>\n<style type=\"text\/css\" scoped=\"scoped\">#frb_image_1973425170 .frb_image_hover {background:#000000;}<\/style>\n<div id=\"frb_image_1973425170\" class=\"\">\n<div class=\"frb_image\" style=\"height:83px !important;\"><span style=\"text-align:center; width:100%; display:block;\"><span class=\"frb_image_inner frb_image_border \" style=\"\" data-bordercolor=\"#376a6e\" data-borderhover=\"#376a6e\"><br \/>\n<img decoding=\"async\" id=\"\" class=\" frb_image_flat\" src=\"https:\/\/eftbrasil.com.br\/paginapb\/wp-content\/uploads\/2018\/08\/MenteMagra-Branca.png\" title=\"MenteMagra-Branca\" alt=\"MenteMagra-Branca\" style=\"margin:0px 0px 0px 0px;padding:0px 0px 7px 0px;border:none;width:390px; height:83px !important;box-sizing: border-box;margin-left: auto;margin-right: auto;\"><br \/>\n<span style=\"clear:both; display:block;\"><\/span><i class=\"frb_icon fa fa-search\" style=\"line-height:30px; font-size:30px; height:30px; width:30px; margin:-15px \"><\/i><\/span><\/span><\/div>\n<\/div>\n<style><\/style>\n<\/div>\n<\/div>\n<\/div>\n<div data-colnumber=\"2\" class=\"pbuilder_column pbuilder_column-1-5\">\n<div class=\"pbuilder_column_background\" style=\"border:none; background-color: ; \"><\/div>\n<div style=\"\" class=\" pbuilder_column_inner pbuilder_droppable\"><\/div>\n<\/div>\n<div style=\"clear:both;\"><\/div>\n<\/div>\n<\/div>\n<style><\/style>\n<div data-rowtype=\"12\" data-rowid=\"6\" style=\"border:none;\" class=\"pbuilder_row pbuilder_row_id_6\">\n<div class=\"pbuilder_row_colwrapper\" style=\"margin-top:10px;margin-bottom:10px;padding:0px 0px 0px 0px;\">\n<div data-colnumber=\"0\" class=\"pbuilder_column pbuilder_column-1-5\">\n<div class=\"pbuilder_column_background\" style=\"border:none; background-color: ; \"><\/div>\n<div style=\"\" class=\" pbuilder_column_inner pbuilder_droppable\"><\/div>\n<\/div>\n<div data-colnumber=\"1\" class=\"pbuilder_column pbuilder_column-3-5\">\n<div class=\"pbuilder_column_background\" style=\"border:none; background-color: ; \"><\/div>\n<div style=\"\" class=\" pbuilder_column_inner pbuilder_droppable\">\n<div class=\"pbuilder_module\" data-shortcode=\"heading\" data-modid=\"396\">\n<style type=\"text\/css\" scoped=\"scoped\">\n    #frb_h_210414198, #frb_h_210414198 *{font-family: Verdana, serif; font-style:normal; font-weight:400; }<br \/>\n    #frb_h_210414198 b,#frb_h_210414198 strong{font-weight:600 !important;}<br \/>\n    #frb_h_210414198{margin:0px 0px 0px 0px;padding:10px 0px 15px 10px;border:none;}<br \/>\n    #frb_h_210414198 a{color: #0096aa;}<br \/>\n    #frb_h_210414198 a:hover{color: #111111;}<br \/>\n\t<\/style>\n<style type=\"text\/css\" scoped=\"scoped\">#frb_h_210414198.frb_onScreen.frb_animated {-webkit-animation-duration: 1000ms; animation-duration: 1000ms;}#frb_h_210414198.frb_onScreen.frb_hinge {-webkit-animation-duration: 2000ms; animation-duration: 2000ms;}<\/style>\n<h4 id=\"frb_h_210414198\" class=\"\" style=\" text-align:left; color:#0096aa; font-size:30px; line-height:15px; letter-spacing:1px; \"><span style=\"font-size: 17px;\"><span style=\"color: #ffffff;\">As vagas para o<\/span> <span style=\"color: #ff0000;\"><strong>Programa Mente Magra<\/strong><\/span> <span style=\"color: #ffffff;\">est\u00e3o Encerradas no Momento!!! Voc\u00ea pode entrar pra nossa<\/span> <span style=\"color: #ff0000;\"><strong>Lista de Espera VIP<\/strong><\/span> <span style=\"color: #ffffff;\">e o avisaremos quando for aberta uma nova Turma. \u00c9 s\u00f3 voc\u00ea clicar no Bot\u00e3o abaixo e se cadastrar \ud83d\ude42<\/span><br \/>\n<\/span><\/h4>\n<style>@media only screen and (max-width : 768px) {<br \/>\n    #frb_h_210414198{font-size:26px !important;}<br \/>\n    #frb_h_210414198 .frb_button_icon{font-size:26px !important;}<\/p>\n<p>  }<\/style>\n<\/div>\n<\/div>\n<\/div>\n<div data-colnumber=\"2\" class=\"pbuilder_column pbuilder_column-1-5\">\n<div class=\"pbuilder_column_background\" style=\"border:none; background-color: ; \"><\/div>\n<div style=\"\" class=\" pbuilder_column_inner pbuilder_droppable\"><\/div>\n<\/div>\n<div style=\"clear:both;\"><\/div>\n<\/div>\n<\/div>\n<style><\/style>\n<div data-rowtype=\"0\" data-rowid=\"20\" style=\"border:none;\" class=\"pbuilder_row pbuilder_row_id_20\">\n<div class=\"pbuilder_row_colwrapper\" style=\"margin-bottom:20px;padding:0px 20px 0px 20px;\">\n<div data-colnumber=\"0\" class=\"pbuilder_column pbuilder_column-1-1\">\n<div class=\"pbuilder_column_background\" style=\"border:none; background-color: ; \"><\/div>\n<div style=\"\" class=\" pbuilder_column_inner pbuilder_droppable\">\n<div class=\"pbuilder_module\" data-shortcode=\"image\" data-modid=\"398\">\n<style type=\"text\/css\" scoped=\"scoped\">#frb_image_18195877.frb_onScreen.frb_animated {-webkit-animation-duration: 1000ms; animation-duration: 1000ms;}#frb_image_18195877.frb_onScreen.frb_hinge {-webkit-animation-duration: 2000ms; animation-duration: 2000ms;}<\/style>\n<style type=\"text\/css\" scoped=\"scoped\">#frb_image_18195877 .frb_image_hover {background:#000000;}<\/style>\n<div id=\"frb_image_18195877\" class=\"\">\n<div class=\"frb_image\" style=\"height:360px !important;\"><span style=\"text-align:center; width:100%; display:block;\"><span class=\"frb_image_inner frb_image_border \" style=\"\" data-bordercolor=\"#376a6e\" data-borderhover=\"#376a6e\"><br \/>\n<img decoding=\"async\" id=\"\" class=\" frb_image_flat\" src=\"http:\/\/eftbrasil.com.br\/paginapb\/wp-content\/uploads\/2018\/07\/CPL1_6_.jpg\" title=\"CPL1_6_\" alt=\"CPL1_6_\" style=\"margin:0px 0px 0px 0px;padding:0px 0px 0px 0px;border:none;width:640px; height:360px !important;box-sizing: border-box;margin-left: auto;margin-right: auto;\"><br \/>\n<span style=\"clear:both; display:block;\"><\/span><i class=\"frb_icon fa fa-search\" style=\"line-height:30px; font-size:30px; height:30px; width:30px; margin:-15px \"><\/i><\/span><\/span><\/div>\n<\/div>\n<style><\/style>\n<\/div>\n<\/div>\n<\/div>\n<div style=\"clear:both;\"><\/div>\n<\/div>\n<\/div>\n<style><\/style>\n<div data-rowtype=\"12\" data-rowid=\"0\" style=\"border:none;\" class=\"pbuilder_row pbuilder_row_id_0\">\n<div class=\"pbuilder_row_colwrapper\" style=\"padding:0px 20px 0px 20px;\">\n<div data-colnumber=\"0\" class=\"pbuilder_column pbuilder_column-1-5\">\n<div class=\"pbuilder_column_background\" style=\"border:none; background-color: ; \"><\/div>\n<div style=\"\" class=\" pbuilder_column_inner pbuilder_droppable\"><\/div>\n<\/div>\n<div data-colnumber=\"1\" class=\"pbuilder_column pbuilder_column-3-5\">\n<div class=\"pbuilder_column_background\" style=\"border:none; background-color: ; \"><\/div>\n<div style=\"\" class=\" pbuilder_column_inner pbuilder_droppable\">\n<div class=\"pbuilder_module\" data-shortcode=\"overlay\" data-modid=\"253\"><script type=\"text\/javascript\"><br \/>\n\t\t\tjQuery(document).ready(function(){<\/p>\n<p>\t\t\t\t\t\tjQuery(\".group7\").colorbox({<br \/>\n\t\t\t\t\t\t\tinline:true,<br \/>\n              width: \"100%\",<br \/>\n              maxWidth: \"600px\",<br \/>\n              maxHeight: jQuery(\"#formHContainer\").height(),<br \/>\n\t\t\t\t\t\t\tonOpen: function() {<br \/>\n\t\t\t\t\t\t\t\tjQuery(\"#overlay7 form.overlayForm\").find(\".frb_button\"). addClass(\"frb_btn100\");<br \/>\n\t\t\t\t\t\t\t},<br \/>\n\t\t\t\t\t\t\tonClosed: function() {<br \/>\n\t\t\t\t\t\t\t\t\/\/ jQuery(\"#overlay7 form.overlayForm\").find(\".frb_button\"). addClass(\"width521\");<br \/>\n\t\t\t\t\t\t\t\tjQuery(\"#overlay7 form.overlayForm\").find(\".frb_button\"). removeClass(\"frb_btn100\");<br \/>\n\t\t\t\t\t\t\t},<br \/>\n\t\t\t\t\t\t\tclassName:\"overlay_form_7\",<br \/>\n\t\t\t\t\t\t});<\/p>\n<p>\t\t\t\t\tvar cboxOptions = {<br \/>\n\t\t\t\t\t  width: \"100%\",<br \/>\n\t\t\t\t\t  height: \"95%\",<br \/>\n\t\t\t\t\t  maxWidth: \"600px\",<br \/>\n\t\t\t\t\t  maxHeight: jQuery(\"#formHContainer\").height(),<br \/>\n\t\t\t\t\t}<\/p>\n<p>\t\t\t\t\tjQuery(window).resize(function(){<br \/>\n\t\t\t\t\t  jQuery.colorbox.resize({<br \/>\n\t\t\t\t\t\twidth: window.innerWidth > parseInt(cboxOptions.maxWidth) ? cboxOptions.maxWidth : cboxOptions.width,<br \/>\n\t\t\t\t\t\theight: window.innerHeight > parseInt(cboxOptions.maxHeight) ? cboxOptions.maxHeight : cboxOptions.height<br \/>\n\t\t\t\t\t  });<br \/>\n\t\t\t\t\t});<br \/>\n\t\tjQuery(\".formOverlay\") .live(\"click\", function(){<\/p>\n<p>\t\t\t\t\/*var pbarWidth = 0;<br \/>\n\t\t\t\tif( pbarWidth <= 0 )\n\t\t\t\t{\n\t\t\t\t \t\/\/jQuery(\"#formHContainer\") .hide( );\n\t\t\t\t\tjQuery(\"#progress-bar-container\") .show( );\n\t\t\t\t\tjQuery(\".progress-bar\").css(\"width\", pbarWidth +\"%\");\n\t\t\t\t}\n\t\t\t\tsetInterval(function(){\n\t\t\t\t\tpbarWidth = parseInt( pbarWidth ) + 25;\n\t\t\t\t\tif( pbarWidth <= 100 ){\n\t\t\t\t\t\tjQuery(\".progress-bar\").css(\"width\", pbarWidth +\"%\");\n\t\t\t\t\t\tjQuery(\".progress-bar\").html( pbarWidth +\"%\" );\n\t\t\t\t\t}\n\t\t\t\t\telse if( pbarWidth == 125 )\n\t\t\t\t\t{\n\t\t\t\t\t\tjQuery(\"#progress-bar-container\") .hide( );\n\t\t\t\t\t\tjQuery(\"#formHContainer\") .show( );\n\t\t\t\t\t}\n\t\t\t\t}, 700);*\/\n\n\n\t\t\t\t\/\/jQuery(\"#overlay7 form.overlayForm\").find(\".frb_button\"). removeClass(\"width331\");\n\t\t\t\t\/\/jQuery(\"#overlay7 form.overlayForm\").find(\".frb_button\"). removeClass(\"width521\");\n\n\t\t\t\t\tjQuery(\".frb_textcenter form.overlayForm :input\").each(function(){\n\n\t\t\t\t\t\tjQuery( this ) .removeAttr(\"readonly\");\n\t\t\t\t\t});\n\t\t\t\t});\n\n\n\t\n\t\tjQuery('a[href$=\"#popup\"]').each(function() {\n\t\t\tconsole.log(\"Trigger\");\n\t\t\t\t    jQuery( this ).on(\"click\", function(){\n\t\t\t\t\t   jQuery(\".group7\").colorbox({open:true});\n\t\t\t\t\t});\n\t\t\t\t  });});\n\t<\/script><\/p>\n<div style=\"width: 100%;\">\n\t<a class=\"group7 formOverlay\" href=\"#overlay7\" style=\"display:block;\"><\/p>\n<div style=\"font-family: Helvetica, serif !important; font-size:20px; line-height:20px; text-align:center; letter-spacing:-1px; font-weight:bold; margin:0px 0px 10px 0px;padding:10px 20px 10px 20px;border:none;display: block;color:#ffffff; background:#0096aa; border-radius:25px; data-textcolor=\" #ffffff\"=\"\" data-backcolor=\"#0096aa\" data-hovertextcolor=\"#ffffff\" class=\"formOverlaydiv\" data-hoverbackcolor=\"#60c6d4\">Sim, Quero ser Informado quando Abrir uma Nova Turma!<\/div>\n<p><\/a><a class=\"group7 formOverlay\" href=\"#overlay7\" style=\"display:block;\"><\/a><a class=\"group7 formOverlay\" href=\"#overlay7\" style=\"display:block;\"><\/a><a class=\"group7 formOverlay\" href=\"#overlay7\" style=\"display:block;\"><\/a><a class=\"group7 formOverlay\" href=\"#overlay7\" style=\"display:block;\"><\/a><a class=\"group7 formOverlay\" href=\"#overlay7\" style=\"display:block;\"><\/a><a class=\"group7 formOverlay\" href=\"#overlay7\" style=\"display:block;\"><\/a><\/p>\n<\/div>\n<div class=\"parent_overlay\" id=\"parent_overlay7\" style=\"display:none;\">\n<div id=\"overlay7\"> \t \t \t \t \t \t<link rel=\"stylesheet\" type=\"text\/css\" href=\"\/\/fonts.googleapis.com\/css?family=Helvetica:regular&amp;subset=all\">\n<style type=\"text\/css\" scoped=\"scoped\">#frb_optin_308452339.frb_onScreen.frb_animated {-webkit-animation-duration: 1000ms; animation-duration: 1000ms;}#frb_optin_308452339.frb_onScreen.frb_hinge {-webkit-animation-duration: 2000ms; animation-duration: 2000ms;}<\/style>\n<style type=\"text\/css\">\n\t\t\t#cboxOverlay.overlay_form_7{<br \/>\n\t\t\t  background:#000000;<br \/>\n\t\t\t  opacity:0.5  !important;<br \/>\n\t\t\t}<\/p>\n<p>\t\t\t#colorbox.overlay_form_7 #cboxContent{<br \/>\n\t\t\t  background:none;<br \/>\n\t\t\t}<br \/>\n\t\t\t#colorbox.overlay_form_7 #cboxMiddleLeft{<br \/>\n\t\t\t  display:none;<br \/>\n\t\t\t}<br \/>\n\t\t\t#colorbox.overlay_form_7 #cboxMiddleRight{<br \/>\n\t\t\t  display:none;<br \/>\n\t\t\t}<br \/>\n\t\t\t#colorbox.overlay_form_7 #cboxTopLeft{<br \/>\n\t\t\t  display:none;<br \/>\n\t\t\t}<br \/>\n\t\t\t#colorbox.overlay_form_7 #cboxTopCenter{<br \/>\n\t\t\t  display:none;<br \/>\n\t\t\t}<br \/>\n\t\t\t#colorbox.overlay_form_7 #cboxTopRight{<br \/>\n\t\t\t  display:none;<br \/>\n\t\t\t}<br \/>\n\t\t\t#colorbox.overlay_form_7 #cboxBottomLeft{<br \/>\n\t\t\t  display:none;<br \/>\n\t\t\t}<br \/>\n\t\t\t#colorbox.overlay_form_7 #cboxBottomCenter{<br \/>\n\t\t\t  display:none;<br \/>\n\t\t\t}<br \/>\n\t\t\t#colorbox.overlay_form_7 #cboxBottomRight{<br \/>\n\t\t\t  display:none;<br \/>\n\t\t\t}<\/p>\n<p>\t\t\t#colorbox.overlay_form_7 #cboxContent{<br \/>\n\t\t\t  background:#ffffff;<br \/>\n\t\t\t  opacity:1 !important;<br \/>\n\t\t\t}<\/p>\n<p>\t\t\t#colorbox.overlay_form_7 #cboxContent{<br \/>\n\t\t\t  border:0px solid #ffffff;<br \/>\n\t\t\t  border-radius:0px;<br \/>\n\t\t\t}<br \/>\n\t\t<\/style>\n<div id=\"frb_optin_308452339\" class=\"\">\n<div class=\"frb_textcenter\">\n<style>\n\t\t.optinfrb_optin_308452339{<br \/>\n\t\t\tborder:none;<br \/>\n\t\t\tborder-radius: 10;<br \/>\n\t\t\t\/*padding:10px;*\/<br \/>\n\t\t\tbackground-color:#FFFFFF;<br \/>\n\t\t}<\/p>\n<p>\t\t#progress-bar-container{<br \/>\n\t\t\theight: 30px;<br \/>\n\t\t\tborder-radius: 14px;<br \/>\n\t\t\tdisplay: none;<br \/>\n\t\t}<\/p>\n<p>\t\t#progress-bar-container .progress-bar{<br \/>\n\t\t\tbackground: #2ecc71;<br \/>\n\t\t\theight: 30px;<br \/>\n\t\t\tborder-radius: 14px;<br \/>\n\t\t\twidth:0px;<br \/>\n\t\t}<\/p>\n<p>#formHContainer form {<br \/>\n    padding: 4px 6px;<br \/>\n}<\/p>\n<\/style>\n<div id=\"progress-bar-container\">\n<div class=\"progress-bar\"><\/div>\n<\/div>\n<div id=\"formHContainer\" style=\"width: 100%; clear: both;\">\n<div id=\"form_container\" style=\"  padding: 20px;\">\n<form method=\"POST\" action=\"https:\/\/yz282.infusionsoft.com\/app\/form\/process\/3a32b27bf48793d393a2e0c6bc8d4cd2\" class=\"optin optinfrb_optin_308452339 optin_style_Vertical  overlayForm\" name=\"optinfrb_optin_308452339\" id=\"optinfrb_optin_308452339\" accept-charset=\"UTF-8\" autocomplete=\"\">\n<div class=\"content\">\n<div style=\"display: none;\"><input type=\"hidden\" id=\"frb_optin_308452339_inf_form_xid\" name=\"inf_form_xid\" value=\"c62ed5d816581d748a8311855a6230ca\"><br \/>\n<input type=\"hidden\" id=\"frb_optin_308452339_inf_form_name\" name=\"inf_form_name\" value=\"Venda MP&amp;#a; Encerrada\"><br \/>\n<input type=\"hidden\" id=\"frb_optin_308452339_infusionsoft_version\" name=\"infusionsoft_version\" value=\"1.70.0.54335\"><br \/>\n<input type=\"hidden\" id=\"frb_optin_308452339_inf_custom_LeadSource0\" name=\"inf_custom_LeadSource0\" value=\"null\"><br \/>\n<input type=\"hidden\" id=\"frb_optin_308452339_inf_custom_pagina\" name=\"inf_custom_pagina\" value=\"null\"><\/div>\n<div id=\"leadin\" style=\"color:#111111; text-align:center;\">Informe os Dados Abaixo...<\/div>\n<div class=\"field\" style=\"width: 100%;\"><input type=\"text\" validation=\"required\" class=\"  validate[funcCall[checkoptinrequired]] \" error-message=\"Por favor informe seu nome\" name=\"inf_field_FirstName\" value=\"\" padding-left=\"4\" padding-right=\"30\" style=\" padding-left:0px; border: 1 solid #cccccc; border-radius:2; font-size: 20px !important; padding-top:10px !important; padding-bottom:10px !important; background:url('http:\/\/eftbrasil.com.br\/paginapb\/wp-content\/plugins\/profit_builder\/images\/icons\/nameicon.png') no-repeat 99% center #ffffff; padding-right: 0px; margin: 0 auto;;color:#111111;\" placeholder=\"Informe Seu Nome Completo\"><\/div>\n<div class=\"field\" style=\"width: 100%;\"><input type=\"text\" validation=\"required email\" class=\"validate[funcCall[checkoptinrequired],custom[email]]\" error-message=\"Por favor informe seu e-mail\" name=\"inf_field_Email\" value=\"\" padding-left=\"4\" padding-right=\"30\" style=\"padding-left:0px; border: 1 solid #cccccc; border-radius:2; font-size:20px !important; padding-top:10px !important; padding-bottom:10px !important; background:url('http:\/\/eftbrasil.com.br\/paginapb\/wp-content\/plugins\/profit_builder\/images\/icons\/email.png') no-repeat 99% center #ffffff; margin: 0 auto;padding-right: 0px;;color:#111111;\" placeholder=\"Seu Melhor E-mail\"><\/div>\n<div class=\"field\" style=\"width: 100%;\"><input default-value=\"\" type=\"text\" class=\"\" error-message=\"\" name=\"inf_custom_Telefone0\" value=\"\" padding-left=\"10\" padding-right=\"33\" style=\"padding-right:0px; padding-left:0px; font-size:20px !important; border: 1 solid #cccccc; border-radius:2;20px !important; padding-top:10px !important; padding-bottom:10px !important; background-color:#ffffff;color:#111111;margin: 0 auto; \" placeholder=\"Informe o N\u00famero do Seu Telefone\"><\/div>\n<div class=\"clear\" style=\"clear:both;\"><\/div>\n<div onclick=\"frb_optin_308452339submitForm()\" class=\"clearBoth frb_button  frb_center frb_fullwidth\" id=\"submitfrb_optin_308452339\" style=\"font-family: Helvetica, serif !important; font-size:20px; line-height:20px; text-align:center; letter-spacing:-1px; font-weight:bold; padding:10px 40px; color:#ffffff; background:#0096aa; border: 0px solid #0096aa;cursor: pointer;\n\t\t\t\t\t\twidth: 100%;\n\t\t\t\t\t\tborder-radius: 5px;\n\n\t\t\t\t\t\tmargin: 0 auto\" data-textcolor=\"#ffffff\" data-backcolor=\"#0096aa\" data-hovertextcolor=\"#ffffff\" data-hoverbackcolor=\"#60c6d4\">Quero ser Informado!<\/div>\n<p><script>var myForm = jQuery(\"#optinfrb_optin_308452339\");<\/p>\n<p>\t\tfunction frb_optin_308452339submitForm(){ if(myForm.validate( jQuery(\"#optinfrb_optin_308452339\"))){<\/p>\n<p>\t\t\t\tjQuery(\"#optinfrb_optin_308452339\").submit()<\/p>\n<p>\t\t\t\t\/*var pbarWidth = 0;<br \/>\n\t\t\t\tif( pbarWidth <= 0 )\n\t\t\t\t{\n\t\t\t\t\tjQuery(\"#progress-bar-container\") .show( );\n\t\t\t\t\tjQuery(\".progress-bar\").css(\"width\", pbarWidth +\"%\");\n\t\t\t\t}\n\t\t\t\tsetInterval(function(){\n\t\t\t\t\tpbarWidth = parseInt( pbarWidth ) + 25;\n\t\t\t\t\tif( pbarWidth <= 100 ){\n\t\t\t\t\t\tjQuery(\".progress-bar\").css(\"width\", pbarWidth +\"%\");\n\t\t\t\t\t}\n\t\t\t\t\telse if( pbarWidth == 125 )\n\t\t\t\t\t{\n\t\t\t\t\t\tjQuery(\"#progress-bar-container\") .hide( );\n\n\t\t\t\t\t}\n\t\t\t\t}, 700);*\/\n\t\t\t}\n\t\t}\n\t<\/script><\/p>\n<div class=\"privacy\" style=\"color:#111111;\"><img decoding=\"async\" src=\"https:\/\/eftbrasil.com.br\/paginapb\/wp-content\/plugins\/profit_builder\/images\/privacylock.png\"> Suas informa\u00e7\u00f5es est\u00e3o seguras.<\/div>\n<\/div>\n<\/form>\n<\/div>\n<\/div>\n<div id=\"overlayForm\" style=\"display: none;\">\n<form method=\"POST\" action=\"https:\/\/yz282.infusionsoft.com\/app\/form\/process\/3a32b27bf48793d393a2e0c6bc8d4cd2\" name=\"\" id=\"\"><input type=\"hidden\" id=\"frb_optin_308452339_inf_form_xid\" name=\"inf_form_xid\" value=\"c62ed5d816581d748a8311855a6230ca\"><br \/>\n<input type=\"hidden\" id=\"frb_optin_308452339_inf_form_name\" name=\"inf_form_name\" value=\"Venda MP&amp;#a; Encerrada\"><br \/>\n<input type=\"hidden\" id=\"frb_optin_308452339_infusionsoft_version\" name=\"infusionsoft_version\" value=\"1.70.0.54335\"><br \/>\n<input type=\"hidden\" id=\"frb_optin_308452339_inf_custom_LeadSource0\" name=\"inf_custom_LeadSource0\" value=\"null\"><br \/>\n<input type=\"hidden\" id=\"frb_optin_308452339_inf_custom_pagina\" name=\"inf_custom_pagina\" value=\"null\"><br \/>\n<input type=\"text\" name=\"inf_field_FirstName\" value=\"Informe Seu Nome Completo\"><input type=\"text\" name=\"inf_field_FirstName\" value=\"Seu Melhor E-mail\"><input type=\"text\" name=\"inf_custom_Telefone0\" value=\"Informe o N\u00famero do Seu Telefone\"><\/form>\n<\/div>\n<\/div>\n<p><script type=\"text\/javascript\"><br \/>\n        jQuery(window).trigger(\"resize\");<br \/>\n        jQuery(document).ready(function(){<\/p>\n<p>\t\t});<br \/>\n  <\/script><\/p>\n<\/div>\n<div style=\"clear:both;\"><\/div>\n<\/div>\n<\/div>\n<style>.overlay_form_7 input::placeholder{color:#a5a5a5;}<br \/>\n  .overlay_form_7 input::-webkit-input-placeholder{color:#a5a5a5;}<br \/>\n  .overlay_form_7 input:-moz-placeholder {color:#a5a5a5;}<\/style>\n<\/div>\n<\/div>\n<\/div>\n<div data-colnumber=\"2\" class=\"pbuilder_column pbuilder_column-1-5\">\n<div class=\"pbuilder_column_background\" style=\"border:none; background-color: ; \"><\/div>\n<div style=\"\" class=\" pbuilder_column_inner pbuilder_droppable\"><\/div>\n<\/div>\n<div style=\"clear:both;\"><\/div>\n<\/div>\n<\/div>\n<style><\/style>\n<\/div>\n<div style=\"clear:both\"><\/div>\n<\/div>\n<div style=\"clear:both\"><\/div>\n<\/div>\n","protected":false},"excerpt":{"rendered":"<p>As vagas para o Programa Mente Magra est\u00e3o Encerradas no Momento!!! Voc\u00ea pode entrar pra nossa Lista de Espera VIP e o avisaremos quando for aberta uma nova Turma. \u00c9 s\u00f3 voc\u00ea clicar no Bot\u00e3o abaixo e se cadastrar \ud83d\ude42<\/p>\n","protected":false},"author":4,"featured_media":0,"parent":4069,"menu_order":0,"comment_status":"closed","ping_status":"closed","template":"","meta":{"footnotes":""},"class_list":["post-2879","page","type-page","status-publish","hentry"],"_links":{"self":[{"href":"https:\/\/eftbrasil.com.br\/paginapb\/wp-json\/wp\/v2\/pages\/2879"}],"collection":[{"href":"https:\/\/eftbrasil.com.br\/paginapb\/wp-json\/wp\/v2\/pages"}],"about":[{"href":"https:\/\/eftbrasil.com.br\/paginapb\/wp-json\/wp\/v2\/types\/page"}],"author":[{"embeddable":true,"href":"https:\/\/eftbrasil.com.br\/paginapb\/wp-json\/wp\/v2\/users\/4"}],"replies":[{"embeddable":true,"href":"https:\/\/eftbrasil.com.br\/paginapb\/wp-json\/wp\/v2\/comments?post=2879"}],"version-history":[{"count":18,"href":"https:\/\/eftbrasil.com.br\/paginapb\/wp-json\/wp\/v2\/pages\/2879\/revisions"}],"predecessor-version":[{"id":19092,"href":"https:\/\/eftbrasil.com.br\/paginapb\/wp-json\/wp\/v2\/pages\/2879\/revisions\/19092"}],"up":[{"embeddable":true,"href":"https:\/\/eftbrasil.com.br\/paginapb\/wp-json\/wp\/v2\/pages\/4069"}],"wp:attachment":[{"href":"https:\/\/eftbrasil.com.br\/paginapb\/wp-json\/wp\/v2\/media?parent=2879"}],"curies":[{"name":"wp","href":"https:\/\/api.w.org\/{rel}","templated":true}]}}